{"id":2,"date":"2016-05-10T03:48:21","date_gmt":"2016-05-10T03:48:21","guid":{"rendered":"http:\/\/wp452m.a10-52-158-154.qa.plesk.ru\/wordpress\/?page_id=2"},"modified":"2018-06-28T18:18:27","modified_gmt":"2018-06-28T18:18:27","slug":"sample-page","status":"publish","type":"page","link":"http:\/\/tvplaneta.es\/?page_id=2","title":{"rendered":"\u00bfQui\u00e9nes somos?"},"content":{"rendered":"<hr \/>\n<p style=\"text-align: center;\">\u00a1\u00a1\u00a1Empresa Autorizada!!!<\/p>\n<hr \/>\n<p>&nbsp;<\/p>\n<p>Nombre comercial: Tv Planeta.<\/p>\n<p>Datos fiscales: Jos\u00e9 A. Blanco Casas.<\/p>\n<p>La satisfacci\u00f3n de nuestros clientes avala los m\u00e1s de 30 a\u00f1os de experiencia en el sector.<\/p>\n<p>Este \u00e9xito se debe fundamentalmente a la prioridad que se da a los servicios de mantenimiento en los cuales los tiempos de respuesta y de asistencia son reducidos.<\/p>\n<p>El uso de los mejores materiales del sector\u00a0es una garant\u00eda m\u00e1s para nuestros clientes.<\/p>\n<p><img decoding=\"async\" loading=\"lazy\" class=\"size-full wp-image-65 aligncenter\" src=\"http:\/\/tvplaneta.es\/wp-content\/uploads\/2016\/05\/wsb_693x522_SintC3ADtulo-e1466803135575.jpg\" alt=\"_wsb_693x522_Sin+t$C3$ADtulo\" width=\"693\" height=\"528\" \/><\/p>\n<p><strong>Empresa autorizada<\/strong>: TVplaneta dispone de todos los requisitos exigidos por el \u00abMinisterio de industria, energ\u00eda y turismo\u00bb para poder ejercer la activadad, garantizando a sus clientes a\u00fan m\u00e1s, la m\u00e1xima profesionalidad.<\/p>\n<p>Esto implica el uso de las herramientas debidamente certificadas y t\u00e9cnicos profesionales titulados e inscritos\u00a0 en el sector de las telecomunicaciones.<\/p>\n<p>&nbsp;<\/p>\n<p>&nbsp;<\/p>\n","protected":false},"excerpt":{"rendered":"<p>\u00a1\u00a1\u00a1Empresa Autorizada!!! &nbsp; Nombre comercial: Tv Planeta. Datos fiscales: Jos\u00e9 A. Blanco Casas. La satisfacci\u00f3n de nuestros clientes avala los m\u00e1s de 30 a\u00f1os de experiencia en el sector. Este \u00e9xito se debe fundamentalmente a la prioridad que se da a los servicios de mantenimiento en los cuales los tiempos de respuesta y de asistencia [&hellip;]<\/p>\n","protected":false},"author":1,"featured_media":0,"parent":0,"menu_order":0,"comment_status":"closed","ping_status":"open","template":"","meta":[],"_links":{"self":[{"href":"http:\/\/tvplaneta.es\/index.php?rest_route=\/wp\/v2\/pages\/2"}],"collection":[{"href":"http:\/\/tvplaneta.es\/index.php?rest_route=\/wp\/v2\/pages"}],"about":[{"href":"http:\/\/tvplaneta.es\/index.php?rest_route=\/wp\/v2\/types\/page"}],"author":[{"embeddable":true,"href":"http:\/\/tvplaneta.es\/index.php?rest_route=\/wp\/v2\/users\/1"}],"replies":[{"embeddable":true,"href":"http:\/\/tvplaneta.es\/index.php?rest_route=%2Fwp%2Fv2%2Fcomments&post=2"}],"version-history":[{"count":12,"href":"http:\/\/tvplaneta.es\/index.php?rest_route=\/wp\/v2\/pages\/2\/revisions"}],"predecessor-version":[{"id":107,"href":"http:\/\/tvplaneta.es\/index.php?rest_route=\/wp\/v2\/pages\/2\/revisions\/107"}],"wp:attachment":[{"href":"http:\/\/tvplaneta.es\/index.php?rest_route=%2Fwp%2Fv2%2Fmedia&parent=2"}],"curies":[{"name":"wp","href":"https:\/\/api.w.org\/{rel}","templated":true}]}}