{"id":139,"date":"2019-10-24T10:43:05","date_gmt":"2019-10-24T10:43:05","guid":{"rendered":"http:\/\/tvplaneta.es\/?page_id=139"},"modified":"2019-10-24T10:43:05","modified_gmt":"2019-10-24T10:43:05","slug":"legal","status":"publish","type":"page","link":"https:\/\/tvplaneta.es\/?page_id=139","title":{"rendered":"Legal"},"content":{"rendered":"\n<p><strong>Pol\u00edtica de privacidad<\/strong><\/p>\n\n\n\n<p>A trav\u00e9s de este sitio web no se recaban datos de car\u00e1cter personal de los usuarios sin su conocimiento, ni se ceden a terceros.<\/p>\n\n\n\n<p>Con la finalidad de ofrecerle el mejor servicio y por motivos de calidad, se analizan el n\u00famero de p\u00e1ginas visitadas, el n\u00famero  de visitas.<\/p>\n\n\n\n<p>TVPlaneta no utiliza cookies para recoger  informaci\u00f3n de los usuarios, ni registra las direcciones IP de acceso.  <\/p>\n\n\n\n<p>El portal del que es titular la TVPlaneta contiene  enlaces a sitios web de terceros, cuyas pol\u00edticas de privacidad son  ajenas a la de TVPlaneta. Al acceder a tales sitios web usted puede  decidir si acepta sus pol\u00edticas de privacidad y de cookies. Con car\u00e1cter  general, si navega por internet usted puede aceptar o rechazar las  cookies de terceros desde las opciones de configuraci\u00f3n de su navegador.<\/p>\n\n\n\n<p><strong>Responsable del tratamiento<\/strong><\/p>\n\n\n\n<p>Los  datos de car\u00e1cter personal que se pudieran recabar directamente del  interesado ser\u00e1n tratados de forma confidencial y quedar\u00e1n incorporados a  una base de datos de clientes de TVPlaneta para su propio uso.<\/p>\n\n\n\n<p><strong>Finalidad<\/strong><\/p>\n\n\n\n<p>La  finalidad del tratamiento de los datos corresponde a una base de datos para tener localizados y actualizados los datos de los clientes para fines laborales propios.<\/p>\n\n\n\n<p><strong>Conservaci\u00f3n de datos<\/strong><\/p>\n\n\n\n<p>Los  datos personales proporcionados se conservar\u00e1n durante el tiempo  necesario para cumplir con la finalidad para la que se recaban y para  determinar las posibles responsabilidades que se pudieran derivar de la  finalidad, adem\u00e1s de los per\u00edodos establecidos en la normativa de  archivos y documentaci\u00f3n..<\/p>\n\n\n\n<p><strong>Comunicaci\u00f3n de datos<\/strong><\/p>\n\n\n\n<p>No se comunicar\u00e1n los datos personales a terceros,  salvo obligaci\u00f3n legal, entre las que pueden estar las comunicaciones al  Defensor del Pueblo, Jueces y Tribunales, interesados en los  procedimientos relacionados con la reclamaciones presentadas.<\/p>\n\n\n\n<p><strong>Derechos de los interesados<\/strong><\/p>\n\n\n\n<p>Cualquier persona tiene derecho a obtener confirmaci\u00f3n sobre los tratamientos que de sus datos que se llevan a cabo por la TVPlaneta.<\/p>\n\n\n\n<p>Puede  ejercer sus derechos de acceso, rectificaci\u00f3n, supresi\u00f3n y portabilidad  de sus datos, de limitaci\u00f3n y oposici\u00f3n a su tratamiento, a trav\u00e9s de las opciones de contacto presente en esta misma p\u00e1gina web:<\/p>\n\n\n\n<figure class=\"wp-block-embed-wordpress wp-block-embed is-type-wp-embed is-provider-tvplaneta\"><div class=\"wp-block-embed__wrapper\">\n<blockquote class=\"wp-embedded-content\" data-secret=\"ls9RNaeQjD\"><a href=\"http:\/\/tvplaneta.es\/?page_id=23\">Contacto<\/a><\/blockquote><iframe title=\"&#8220;Contacto&#8221; &#8212; TVPlaneta\" class=\"wp-embedded-content\" sandbox=\"allow-scripts\" security=\"restricted\" style=\"position: absolute; clip: rect(1px, 1px, 1px, 1px);\" src=\"http:\/\/tvplaneta.es\/?page_id=23&#038;embed=true#?secret=ls9RNaeQjD\" data-secret=\"ls9RNaeQjD\" width=\"600\" height=\"338\" frameborder=\"0\" marginwidth=\"0\" marginheight=\"0\" scrolling=\"no\"><\/iframe>\n<\/div><\/figure>\n\n\n\n<p><\/p>\n","protected":false},"excerpt":{"rendered":"<p>Pol\u00edtica de privacidad A trav\u00e9s de este sitio web no se recaban datos de car\u00e1cter personal de los usuarios sin su conocimiento, ni se ceden a terceros. Con la finalidad de ofrecerle el mejor servicio y por motivos de calidad, se analizan el n\u00famero de p\u00e1ginas visitadas, el n\u00famero de visitas. TVPlaneta no utiliza cookies [&hellip;]<\/p>\n","protected":false},"author":1,"featured_media":0,"parent":0,"menu_order":0,"comment_status":"closed","ping_status":"closed","template":"","meta":[],"_links":{"self":[{"href":"https:\/\/tvplaneta.es\/index.php?rest_route=\/wp\/v2\/pages\/139"}],"collection":[{"href":"https:\/\/tvplaneta.es\/index.php?rest_route=\/wp\/v2\/pages"}],"about":[{"href":"https:\/\/tvplaneta.es\/index.php?rest_route=\/wp\/v2\/types\/page"}],"author":[{"embeddable":true,"href":"https:\/\/tvplaneta.es\/index.php?rest_route=\/wp\/v2\/users\/1"}],"replies":[{"embeddable":true,"href":"https:\/\/tvplaneta.es\/index.php?rest_route=%2Fwp%2Fv2%2Fcomments&post=139"}],"version-history":[{"count":1,"href":"https:\/\/tvplaneta.es\/index.php?rest_route=\/wp\/v2\/pages\/139\/revisions"}],"predecessor-version":[{"id":140,"href":"https:\/\/tvplaneta.es\/index.php?rest_route=\/wp\/v2\/pages\/139\/revisions\/140"}],"wp:attachment":[{"href":"https:\/\/tvplaneta.es\/index.php?rest_route=%2Fwp%2Fv2%2Fmedia&parent=139"}],"curies":[{"name":"wp","href":"https:\/\/api.w.org\/{rel}","templated":true}]}}