{"id":35,"date":"2016-06-24T09:16:36","date_gmt":"2016-06-24T09:16:36","guid":{"rendered":"http:\/\/tvplaneta.es\/?page_id=35"},"modified":"2016-06-26T18:47:59","modified_gmt":"2016-06-26T18:47:59","slug":"ofertas","status":"publish","type":"page","link":"https:\/\/tvplaneta.es\/?page_id=35","title":{"rendered":"TDT"},"content":{"rendered":"<p style=\"text-align: center;\">La Televisi\u00f3n Digital Terrestre (TDT).<\/p>\n<p>La <strong>Televisi\u00f3n Digital <\/strong>es la difusi\u00f3n de las se\u00f1ales de TV que utiliza la m\u00e1s moderna tecnolog\u00eda digital para transmitir de forma optimizada imagen y sonido de mayor calidad, permitiendo ofrecer adicionalmente otros servicios interactivos o de acceso a la Sociedad de la Informaci\u00f3n.<\/p>\n<p>La <strong>Televisi\u00f3n Digital <\/strong>revoluciona el concepto que hasta ahora se tiene de la televisi\u00f3n.<\/p>\n<p>Actualmente, es posible acceder a la <strong>Televisi\u00f3n Digital <\/strong>mediante las siguientes tecnolog\u00edas de acceso:<\/p>\n<ul>\n<li><strong>Ondas Terrestres (TDT)<\/strong><\/li>\n<li><strong>Cable <\/strong><\/li>\n<li><strong>Sat\u00e9lite <\/strong><\/li>\n<li><strong>ADSL <\/strong><\/li>\n<li><strong>Dispositivos M\u00f3viles<\/strong><\/li>\n<\/ul>\n<p>Usted decide qu\u00e9 alternativa se ajusta mejor a sus gustos y necesidades. Puede obtener m\u00e1s informaci\u00f3n sobre cada una de estas tecnolog\u00edas pulsando en el men\u00fa superior.<\/p>\n<h2 style=\"text-align: center;\">Ventajas de la Televisi\u00f3n Digital<\/h2>\n<p>Estas son algunas de las <strong>ventajas <\/strong>de la <strong>Televisi\u00f3n Digital <\/strong>frente a la <strong>Anal\u00f3gica<\/strong>:<\/p>\n<h3>M\u00e1s canales<\/h3>\n<ul>\n<li>La Televisi\u00f3n Digital permite transmitir 4 canales digitales en el mismo espacio que se necesita actualmente para emitir un canal anal\u00f3gico.<\/li>\n<li>Se incrementa la oferta de canales.<\/li>\n<li>Podemos elegir entre una oferta de programaci\u00f3n m\u00e1s amplia.<\/li>\n<\/ul>\n<h3>Mejor imagen y sonido<\/h3>\n<ul>\n<li>Aporta una gran calidad de imagen, similar al DVD.<\/li>\n<li>Podemos ver la televisi\u00f3n en formato panor\u00e1mico, sin cortes ni bandas negras.<\/li>\n<li>Sin ruidos, interferencias, nieve ni imagen doble.<\/li>\n<li>Con un sonido envolvente, con la misma calidad que un CD.<\/li>\n<\/ul>\n<h3>M\u00e1s servicios<\/h3>\n<ul>\n<li>Versi\u00f3n original, elecci\u00f3n de idioma y subt\u00edtulos.<\/li>\n<li>Servicios interactivos y de acceso a la Sociedad de la Informaci\u00f3n, como la realizaci\u00f3n de tr\u00e1mites administrativos, participaci\u00f3n en concursos, encuestas, etc.<\/li>\n<li>Teletexto digital, con m\u00e1s opciones.<\/li>\n<li>Gu\u00eda electr\u00f3nica de programaci\u00f3n, con toda la oferta de canales digitales.<\/li>\n<li>Visi\u00f3n multic\u00e1mara para acontecimientos deportivos.<\/li>\n<li>Y un largo etc\u00e9tera&#8230;<\/li>\n<\/ul>\n<hr \/>\n<p style=\"text-align: center;\"><strong><em>Compruebe <a title=\"Su Cobertura TDT\" href=\"http:\/\/www.televisiondigital.gob.es\/Ciudadano\/Paginas\/Cobertura.aspx\" target=\"_blank\">aqu\u00ed\u00a0<\/a> su cobertura TDT<\/em><\/strong><\/p>\n<p style=\"text-align: center;\"><em><strong>Compruebe <a title=\"Lista de canales\" href=\"http:\/\/www.tdt1.com\/\" target=\"_blank\">aqu\u00ed<\/a> la lista de canales por Comunidad y zona<\/strong><\/em><\/p>\n<p>&nbsp;<\/p>\n<p>*Ambos enlaces son ajenos a TvPlaneta.es<\/p>\n<hr \/>\n<p>&nbsp;<\/p>\n","protected":false},"excerpt":{"rendered":"<p>La Televisi\u00f3n Digital Terrestre (TDT). La Televisi\u00f3n Digital es la difusi\u00f3n de las se\u00f1ales de TV que utiliza la m\u00e1s moderna tecnolog\u00eda digital para transmitir de forma optimizada imagen y sonido de mayor calidad, permitiendo ofrecer adicionalmente otros servicios interactivos o de acceso a la Sociedad de la Informaci\u00f3n. La Televisi\u00f3n Digital revoluciona el concepto [&hellip;]<\/p>\n","protected":false},"author":1,"featured_media":0,"parent":0,"menu_order":0,"comment_status":"closed","ping_status":"closed","template":"","meta":[],"_links":{"self":[{"href":"https:\/\/tvplaneta.es\/index.php?rest_route=\/wp\/v2\/pages\/35"}],"collection":[{"href":"https:\/\/tvplaneta.es\/index.php?rest_route=\/wp\/v2\/pages"}],"about":[{"href":"https:\/\/tvplaneta.es\/index.php?rest_route=\/wp\/v2\/types\/page"}],"author":[{"embeddable":true,"href":"https:\/\/tvplaneta.es\/index.php?rest_route=\/wp\/v2\/users\/1"}],"replies":[{"embeddable":true,"href":"https:\/\/tvplaneta.es\/index.php?rest_route=%2Fwp%2Fv2%2Fcomments&post=35"}],"version-history":[{"count":10,"href":"https:\/\/tvplaneta.es\/index.php?rest_route=\/wp\/v2\/pages\/35\/revisions"}],"predecessor-version":[{"id":90,"href":"https:\/\/tvplaneta.es\/index.php?rest_route=\/wp\/v2\/pages\/35\/revisions\/90"}],"wp:attachment":[{"href":"https:\/\/tvplaneta.es\/index.php?rest_route=%2Fwp%2Fv2%2Fmedia&parent=35"}],"curies":[{"name":"wp","href":"https:\/\/api.w.org\/{rel}","templated":true}]}}