{"id":37,"date":"2016-06-24T09:16:53","date_gmt":"2016-06-24T09:16:53","guid":{"rendered":"http:\/\/tvplaneta.es\/?page_id=37"},"modified":"2022-11-30T23:13:27","modified_gmt":"2022-11-30T23:13:27","slug":"servicios","status":"publish","type":"page","link":"https:\/\/tvplaneta.es\/?page_id=37","title":{"rendered":"Servicios\/Ofertas"},"content":{"rendered":"<h1 style=\"text-align: center;\"><strong>SERVICIOS<\/strong><\/h1>\n<hr \/>\n<p><strong>Mantenimiento:<\/strong><\/p>\n<p>De antenas colectivas TDT y porteros autom\u00e1ticos en comunidades de vecinos. \u00a1Ofertas en videoporteros!<\/p>\n<hr \/>\n<p><strong>Instalaci\u00f3n y reparaci\u00f3n:<\/strong><\/p>\n<p>De porteros autom\u00e1ticos convencionales y digitales,\u00a0videoporteros, 2.\u00aa tomas de antenas en viviendas particulares,\u00a0 parab\u00f3licas, TV por sat\u00e9lite.<\/p>\n<hr \/>\n<p><strong>Servicio 24 horas para la notificaci\u00f3n de avisos:<\/strong><\/p>\n<p>Disponemos de un <a href=\"http:\/\/tvplaneta.es\/?page_id=23\"><b>contestador autom\u00e1tico<\/b><\/a> donde podr\u00e1 notificarnos en el momento que mejor le convenga los avisos. El tiempo de respuesta es inferior a 24 horas.<\/p>\n<p><em>*Recuerde que es necesario que facilite su Nombre y un tel\u00e9fono de contacto para devolverle la llamada.<\/em><\/p>\n<hr \/>\n<p><strong>Contacto directo con el t\u00e9cnico:<\/strong><\/p>\n<p>A trav\u00e9s del <a href=\"http:\/\/tvplaneta.es\/?page_id=23\"><b>tel\u00e9fono m\u00f3vil<\/b><\/a>, de 8.30 am a 21.30 pm. La foma m\u00e1s r\u00e1pida y efectiva de contacto.<\/p>\n<p>*Se recomienda esta forma de contacto.<\/p>\n<hr \/>\n<p><strong>Respuesta en 12 horas y asistencia en 24 horas:<\/strong><\/p>\n<p>Si decide la opci\u00f3n de dejar su aviso en el contestador autom\u00e1tico o mandar un formulario\/correo, recibir\u00e1 una respuesta en menos de 12 horas.<\/p>\n<p><em>*El precio de todos los servicios es a consultar dado que puede variar en funci\u00f3n de numerosos factores (n.\u00ba de vecinos, estado instalaci\u00f3n&#8230;)<\/em><\/p>\n<h1 style=\"text-align: center;\"><strong>OFERTAS<\/strong><\/h1>\n<hr \/>\n<h2 style=\"text-align: center;\"><strong><span style=\"color: #ff0000;\">Oferta especial a comunidades de vecinos:<\/span><\/strong><\/h2>\n<h2 style=\"text-align: center;\"><span style=\"color: #000000;\"><strong>Instalaci\u00f3n de m\u00f3dulo diplesor C 36 para ver TVE (la 1) en UHD 4k<\/strong><\/span><\/h2>\n<h1 style=\"text-align: center;\"><strong><span style=\"color: #ff0000;\">148,00 + IVA<\/span><\/strong><\/h1>\n<h2 style=\"text-align: center;\"><span style=\"color: #000000;\"><strong>Disfruta de la m\u00e1xima Calidad de Imagen<\/strong><\/span><\/h2>\n<hr \/>\n<p>Instalaci\u00f3n\u00a0 y sintonizaci\u00f3n de Sintonizador TDT HD<\/p>\n<p>(ALTA DEFINICI\u00d3N) 69,00 \u20ac\u00a0+\u00a0IVA<br \/>\n<img decoding=\"async\" loading=\"lazy\" class=\"size-full wp-image-92 aligncenter\" src=\"http:\/\/tvplaneta.es\/wp-content\/uploads\/2016\/06\/wsb_343x234_precios_anticrisis.jpg\" alt=\"_wsb_343x234_precios_anticrisis\" width=\"343\" height=\"271\" srcset=\"https:\/\/tvplaneta.es\/wp-content\/uploads\/2016\/06\/wsb_343x234_precios_anticrisis.jpg 343w, https:\/\/tvplaneta.es\/wp-content\/uploads\/2016\/06\/wsb_343x234_precios_anticrisis-300x237.jpg 300w\" sizes=\"(max-width: 343px) 100vw, 343px\" \/><\/p>\n<hr \/>\n<p>\u00a1Consulta nuestras nuevas ofertas en videoporteros!<\/p>\n<p>*Para solicitar un servicio pulse en <a href=\"http:\/\/tvplaneta.es\/?page_id=23\">contacto<\/a>.<\/p>\n","protected":false},"excerpt":{"rendered":"<p>SERVICIOS Mantenimiento: De antenas colectivas TDT y porteros autom\u00e1ticos en comunidades de vecinos. \u00a1Ofertas en videoporteros! Instalaci\u00f3n y reparaci\u00f3n: De porteros autom\u00e1ticos convencionales y digitales,\u00a0videoporteros, 2.\u00aa tomas de antenas en viviendas particulares,\u00a0 parab\u00f3licas, TV por sat\u00e9lite. Servicio 24 horas para la notificaci\u00f3n de avisos: Disponemos de un contestador autom\u00e1tico donde podr\u00e1 notificarnos en el momento [&hellip;]<\/p>\n","protected":false},"author":1,"featured_media":0,"parent":0,"menu_order":0,"comment_status":"closed","ping_status":"closed","template":"","meta":[],"_links":{"self":[{"href":"https:\/\/tvplaneta.es\/index.php?rest_route=\/wp\/v2\/pages\/37"}],"collection":[{"href":"https:\/\/tvplaneta.es\/index.php?rest_route=\/wp\/v2\/pages"}],"about":[{"href":"https:\/\/tvplaneta.es\/index.php?rest_route=\/wp\/v2\/types\/page"}],"author":[{"embeddable":true,"href":"https:\/\/tvplaneta.es\/index.php?rest_route=\/wp\/v2\/users\/1"}],"replies":[{"embeddable":true,"href":"https:\/\/tvplaneta.es\/index.php?rest_route=%2Fwp%2Fv2%2Fcomments&post=37"}],"version-history":[{"count":18,"href":"https:\/\/tvplaneta.es\/index.php?rest_route=\/wp\/v2\/pages\/37\/revisions"}],"predecessor-version":[{"id":152,"href":"https:\/\/tvplaneta.es\/index.php?rest_route=\/wp\/v2\/pages\/37\/revisions\/152"}],"wp:attachment":[{"href":"https:\/\/tvplaneta.es\/index.php?rest_route=%2Fwp%2Fv2%2Fmedia&parent=37"}],"curies":[{"name":"wp","href":"https:\/\/api.w.org\/{rel}","templated":true}]}}